{"id":2,"date":"2025-01-08T03:48:21","date_gmt":"2025-01-08T03:48:21","guid":{"rendered":"https:\/\/perreault.ma\/?page_id=2"},"modified":"2025-01-08T21:59:31","modified_gmt":"2025-01-08T21:59:31","slug":"accueil","status":"publish","type":"page","link":"https:\/\/perreault.ma\/?page_id=2","title":{"rendered":"Fran\u00e7ois Perreault"},"content":{"rendered":"\n<hr class=\"wp-block-separator has-alpha-channel-opacity\"\/>\n\n\n\n<h3 class=\"wp-block-heading\"><strong>Bienvenue sur ma page personnelle<\/strong><\/h3>\n\n\n\n<p>Bonjour et bienvenue ! &#x1f60a;<\/p>\n\n\n\n<p>Je suis passionn\u00e9 par le partage de connaissances et le d\u00e9veloppement de projets \u00e9ducatifs ambitieux. Apr\u00e8s avoir acquis une solide expertise en gestion et en \u00e9ducation \u00e0 l&rsquo;international, je me consacre aujourd&rsquo;hui \u00e0 accompagner les jeunes dans leur parcours acad\u00e9mique et professionnel, notamment sur le continent africain.<\/p>\n\n\n\n<p>J\u2019aime explorer de nouvelles id\u00e9es, relever des d\u00e9fis interculturels et cr\u00e9er des ponts entre les cultures et les g\u00e9n\u00e9rations. \u00c0 travers mes initiatives, mon objectif est de donner du sens \u00e0 l&rsquo;apprentissage et de cr\u00e9er des opportunit\u00e9s qui ont un impact durable.<\/p>\n\n\n\n<p>Si vous souhaitez en savoir plus sur mes projets ou collaborer, n&rsquo;h\u00e9sitez pas \u00e0 me contacter !<\/p>\n\n\n\n<p><\/p>\n","protected":false},"excerpt":{"rendered":"<p>Bienvenue sur ma page personnelle Bonjour et bienvenue ! &#x1f60a; Je suis passionn\u00e9 par le partage de connaissances et le d\u00e9veloppement de projets \u00e9ducatifs ambitieux. Apr\u00e8s avoir acquis une solide expertise en gestion et en \u00e9ducation \u00e0 l&rsquo;international, je me consacre aujourd&rsquo;hui \u00e0 accompagner les jeunes dans leur parcours acad\u00e9mique et professionnel, notamment sur le [&hellip;]<\/p>\n","protected":false},"author":1,"featured_media":0,"parent":0,"menu_order":0,"comment_status":"closed","ping_status":"closed","template":"","meta":{"footnotes":""},"class_list":["post-2","page","type-page","status-publish","hentry"],"_links":{"self":[{"href":"https:\/\/perreault.ma\/index.php?rest_route=\/wp\/v2\/pages\/2","targetHints":{"allow":["GET"]}}],"collection":[{"href":"https:\/\/perreault.ma\/index.php?rest_route=\/wp\/v2\/pages"}],"about":[{"href":"https:\/\/perreault.ma\/index.php?rest_route=\/wp\/v2\/types\/page"}],"author":[{"embeddable":true,"href":"https:\/\/perreault.ma\/index.php?rest_route=\/wp\/v2\/users\/1"}],"replies":[{"embeddable":true,"href":"https:\/\/perreault.ma\/index.php?rest_route=%2Fwp%2Fv2%2Fcomments&post=2"}],"version-history":[{"count":3,"href":"https:\/\/perreault.ma\/index.php?rest_route=\/wp\/v2\/pages\/2\/revisions"}],"predecessor-version":[{"id":8,"href":"https:\/\/perreault.ma\/index.php?rest_route=\/wp\/v2\/pages\/2\/revisions\/8"}],"wp:attachment":[{"href":"https:\/\/perreault.ma\/index.php?rest_route=%2Fwp%2Fv2%2Fmedia&parent=2"}],"curies":[{"name":"wp","href":"https:\/\/api.w.org\/{rel}","templated":true}]}}